{"id":165,"date":"2017-10-10T13:27:16","date_gmt":"2017-10-10T11:27:16","guid":{"rendered":"http:\/\/yemanja.info\/accueil\/?page_id=165"},"modified":"2025-08-08T17:48:37","modified_gmt":"2025-08-08T15:48:37","slug":"bateau","status":"publish","type":"page","link":"https:\/\/yemanja.info\/accueil\/bateau\/","title":{"rendered":"Voilier\/ chantiers"},"content":{"rendered":"<h3><img data-recalc-dims=\"1\" loading=\"lazy\" decoding=\"async\" class=\" wp-image-205 alignright\" src=\"https:\/\/i0.wp.com\/yemanja.info\/accueil\/wp-content\/uploads\/2017\/10\/dessin--217x300.jpg?resize=342%2C473\" alt=\"\" width=\"342\" height=\"473\" srcset=\"https:\/\/i0.wp.com\/yemanja.info\/accueil\/wp-content\/uploads\/2017\/10\/dessin-.jpg?resize=217%2C300&amp;ssl=1 217w, https:\/\/i0.wp.com\/yemanja.info\/accueil\/wp-content\/uploads\/2017\/10\/dessin-.jpg?resize=768%2C1061&amp;ssl=1 768w, https:\/\/i0.wp.com\/yemanja.info\/accueil\/wp-content\/uploads\/2017\/10\/dessin-.jpg?resize=741%2C1024&amp;ssl=1 741w, https:\/\/i0.wp.com\/yemanja.info\/accueil\/wp-content\/uploads\/2017\/10\/dessin-.jpg?resize=100%2C138&amp;ssl=1 100w, https:\/\/i0.wp.com\/yemanja.info\/accueil\/wp-content\/uploads\/2017\/10\/dessin-.jpg?resize=150%2C207&amp;ssl=1 150w, https:\/\/i0.wp.com\/yemanja.info\/accueil\/wp-content\/uploads\/2017\/10\/dessin-.jpg?resize=200%2C276&amp;ssl=1 200w, https:\/\/i0.wp.com\/yemanja.info\/accueil\/wp-content\/uploads\/2017\/10\/dessin-.jpg?resize=300%2C414&amp;ssl=1 300w, https:\/\/i0.wp.com\/yemanja.info\/accueil\/wp-content\/uploads\/2017\/10\/dessin-.jpg?resize=450%2C622&amp;ssl=1 450w, https:\/\/i0.wp.com\/yemanja.info\/accueil\/wp-content\/uploads\/2017\/10\/dessin-.jpg?resize=600%2C829&amp;ssl=1 600w, https:\/\/i0.wp.com\/yemanja.info\/accueil\/wp-content\/uploads\/2017\/10\/dessin-.jpg?resize=900%2C1243&amp;ssl=1 900w, https:\/\/i0.wp.com\/yemanja.info\/accueil\/wp-content\/uploads\/2017\/10\/dessin-.jpg?w=1447&amp;ssl=1 1447w\" sizes=\"auto, (max-width: 342px) 100vw, 342px\" \/><\/h3>\n<p>Le maracuja<a href=\"http:\/\/www.ayong.fr\/pages\/paysage\/rites-traditionnels\/page-11.html\"><span style=\"color: #ff6600;\"><strong> \u00ab\u00a0yemanja\u00a0\u00bb<\/strong><\/span><\/a> \u00a0est un voilier de l&rsquo;architecte Philippe Harl\u00e9.<\/p>\n<p>Nous avons le num\u00e9ro 9 construit en 1983 par le chantier<a href=\"http:\/\/www.garcia-yachting.com\/chantier.php\">\u00a0Garcia\u00a0<\/a>situ\u00e9 en Normandie.<\/p>\n<p>C&rsquo;est un d\u00e9riveur aluminium \u00e0 deux d\u00e9rives d&rsquo;environ 9 tonnes dont la jupe a \u00e9t\u00e9 rallong\u00e9e.<\/p>\n<p>Longueur (apr\u00e8s le passage des douanes ) : 12,62 m<\/p>\n<p>Largeur : 4.18 m<\/p>\n<p>Un moteur fixe Volvo D2 de 40 ch avec h\u00e9lice alu trois pales<\/p>\n<p>D\u00e9riveur int\u00e9gral avec un tirant d\u2019eau allant de 2,70 m \u00e0 0,95 m<\/p>\n<p>R\u00e9servoirs d\u2019eau douce 680 litres<\/p>\n<p>R\u00e9servoirs de gasoil 400 litres<\/p>\n<p><span style=\"color: #0000ff;\"><em>Armement\u00a0:<\/em><\/span><\/p>\n<p><img data-recalc-dims=\"1\" loading=\"lazy\" decoding=\"async\" class=\" wp-image-276 alignright\" src=\"https:\/\/i0.wp.com\/yemanja.info\/accueil\/wp-content\/uploads\/2017\/10\/20171013_090817-e1508080753251-169x300.jpg?resize=167%2C296\" alt=\"\" width=\"167\" height=\"296\" srcset=\"https:\/\/i0.wp.com\/yemanja.info\/accueil\/wp-content\/uploads\/2017\/10\/20171013_090817-e1508080753251.jpg?resize=169%2C300&amp;ssl=1 169w, https:\/\/i0.wp.com\/yemanja.info\/accueil\/wp-content\/uploads\/2017\/10\/20171013_090817-e1508080753251.jpg?resize=768%2C1365&amp;ssl=1 768w, https:\/\/i0.wp.com\/yemanja.info\/accueil\/wp-content\/uploads\/2017\/10\/20171013_090817-e1508080753251.jpg?resize=576%2C1024&amp;ssl=1 576w, https:\/\/i0.wp.com\/yemanja.info\/accueil\/wp-content\/uploads\/2017\/10\/20171013_090817-e1508080753251.jpg?resize=100%2C178&amp;ssl=1 100w, https:\/\/i0.wp.com\/yemanja.info\/accueil\/wp-content\/uploads\/2017\/10\/20171013_090817-e1508080753251.jpg?resize=150%2C267&amp;ssl=1 150w, https:\/\/i0.wp.com\/yemanja.info\/accueil\/wp-content\/uploads\/2017\/10\/20171013_090817-e1508080753251.jpg?resize=200%2C356&amp;ssl=1 200w, https:\/\/i0.wp.com\/yemanja.info\/accueil\/wp-content\/uploads\/2017\/10\/20171013_090817-e1508080753251.jpg?resize=300%2C533&amp;ssl=1 300w, https:\/\/i0.wp.com\/yemanja.info\/accueil\/wp-content\/uploads\/2017\/10\/20171013_090817-e1508080753251.jpg?resize=450%2C800&amp;ssl=1 450w, https:\/\/i0.wp.com\/yemanja.info\/accueil\/wp-content\/uploads\/2017\/10\/20171013_090817-e1508080753251.jpg?resize=600%2C1067&amp;ssl=1 600w, https:\/\/i0.wp.com\/yemanja.info\/accueil\/wp-content\/uploads\/2017\/10\/20171013_090817-e1508080753251.jpg?resize=900%2C1600&amp;ssl=1 900w, https:\/\/i0.wp.com\/yemanja.info\/accueil\/wp-content\/uploads\/2017\/10\/20171013_090817-e1508080753251.jpg?w=1836&amp;ssl=1 1836w\" sizes=\"auto, (max-width: 167px) 100vw, 167px\" \/><\/p>\n<p>une ancre \u00ab\u00a0Spade\u00a0\u00bb 25 kg\u00a0 avec 71m de\u00a0 chaine galvanis D10 , ancre de secours Spade de 20 kg avec 20m de chaine +50m de c\u00e2blot, ancre FOB l\u00e9g\u00e8re +c\u00e2blot dans le coffre arri\u00e8re<\/p>\n<p>2 panneaux solaires <strong>150 w<\/strong><\/p>\n<p>un pilote automatique \u00ab\u00a0Raymarine\u00a0\u00bb avec un verin hydraulique \u00ab\u00a0Lecomble et schmitt\u00a0\u00bb<\/p>\n<p>gestionnaire de batterie \u00ab\u00a0Victron\u00a0\u00bb\u00a0 \u00a0 \u00a0 \u00a0 \u00a0 \u00a0\u00a0<\/p>\n<p>4 batteries AGM uniteck<\/p>\n<p>une annexe orange marine plancher alu \/ 4 places de 2.90m avec un moteur de 5ch\u00a0\u00bb Tohatsu\u00a0\u00bb plus un taud de protection.<\/p>\n<p>Hydrolienne \u00e0 tra\u00eener : 4 n\u0153uds = 2 amp\u00e8res.<\/p>\n<p>Guindeau de 1300W<\/p>\n<p>une gazini\u00e8re deux feux et un four avec deux bouteilles de gaz de 13kg<\/p>\n<p>un WC Sani broyeur\u00a0<\/p>\n<p>un syst\u00e8me de cartes \u00e9lectroniques maritimes \u00ab\u00a0Navionics\u00a0\u00bb sur tablette Apple<\/p>\n<p><img data-recalc-dims=\"1\" loading=\"lazy\" decoding=\"async\" class=\"size-medium wp-image-3797\" src=\"https:\/\/i0.wp.com\/yemanja.info\/accueil\/wp-content\/uploads\/2025\/03\/SAM_0024-Copie-scaled-e1741476162634-300x130.jpg?resize=300%2C130&#038;ssl=1\" alt=\"\" width=\"300\" height=\"130\" srcset=\"https:\/\/i0.wp.com\/yemanja.info\/accueil\/wp-content\/uploads\/2025\/03\/SAM_0024-Copie-scaled-e1741476162634.jpg?resize=300%2C130&amp;ssl=1 300w, https:\/\/i0.wp.com\/yemanja.info\/accueil\/wp-content\/uploads\/2025\/03\/SAM_0024-Copie-scaled-e1741476162634.jpg?resize=1024%2C443&amp;ssl=1 1024w, https:\/\/i0.wp.com\/yemanja.info\/accueil\/wp-content\/uploads\/2025\/03\/SAM_0024-Copie-scaled-e1741476162634.jpg?resize=768%2C332&amp;ssl=1 768w, https:\/\/i0.wp.com\/yemanja.info\/accueil\/wp-content\/uploads\/2025\/03\/SAM_0024-Copie-scaled-e1741476162634.jpg?resize=1320%2C571&amp;ssl=1 1320w, https:\/\/i0.wp.com\/yemanja.info\/accueil\/wp-content\/uploads\/2025\/03\/SAM_0024-Copie-scaled-e1741476162634.jpg?w=1340&amp;ssl=1 1340w\" sizes=\"auto, (max-width: 300px) 100vw, 300px\" \/><\/p>\n<p>Un rev\u00eatement pour les couchages et assises (Ad\u00e8le : http:\/\/aiguille-boutissus.fr\/)<\/p>\n<p>Trois tauds perlant dont 2 accroches sur la bome + Tissu ext\u00e9rieur en toile Batyline \u00ae avec aimants ce qui nous fait des protections solaires pour chaque hublots si bessoin.<\/p>\n<p>bancs de cockpit en bois exotique plus deux coussins.<\/p>\n<p>Tableau \u00e9lectrique bipolaire \u00ab\u00a0Philippi\u00a0\u00bb<img data-recalc-dims=\"1\" loading=\"lazy\" decoding=\"async\" class=\" wp-image-920 alignright\" src=\"https:\/\/i0.wp.com\/yemanja.info\/accueil\/wp-content\/uploads\/2018\/04\/DSCN0717-1024x576.jpg?resize=384%2C216\" alt=\"\" width=\"384\" height=\"216\" srcset=\"https:\/\/i0.wp.com\/yemanja.info\/accueil\/wp-content\/uploads\/2018\/04\/DSCN0717.jpg?resize=1024%2C576&amp;ssl=1 1024w, https:\/\/i0.wp.com\/yemanja.info\/accueil\/wp-content\/uploads\/2018\/04\/DSCN0717.jpg?resize=300%2C169&amp;ssl=1 300w, https:\/\/i0.wp.com\/yemanja.info\/accueil\/wp-content\/uploads\/2018\/04\/DSCN0717.jpg?resize=768%2C432&amp;ssl=1 768w, https:\/\/i0.wp.com\/yemanja.info\/accueil\/wp-content\/uploads\/2018\/04\/DSCN0717.jpg?resize=100%2C56&amp;ssl=1 100w, https:\/\/i0.wp.com\/yemanja.info\/accueil\/wp-content\/uploads\/2018\/04\/DSCN0717.jpg?resize=150%2C84&amp;ssl=1 150w, https:\/\/i0.wp.com\/yemanja.info\/accueil\/wp-content\/uploads\/2018\/04\/DSCN0717.jpg?resize=200%2C113&amp;ssl=1 200w, https:\/\/i0.wp.com\/yemanja.info\/accueil\/wp-content\/uploads\/2018\/04\/DSCN0717.jpg?resize=450%2C253&amp;ssl=1 450w, https:\/\/i0.wp.com\/yemanja.info\/accueil\/wp-content\/uploads\/2018\/04\/DSCN0717.jpg?resize=600%2C338&amp;ssl=1 600w, https:\/\/i0.wp.com\/yemanja.info\/accueil\/wp-content\/uploads\/2018\/04\/DSCN0717.jpg?resize=900%2C506&amp;ssl=1 900w, https:\/\/i0.wp.com\/yemanja.info\/accueil\/wp-content\/uploads\/2018\/04\/DSCN0717.jpg?w=2280&amp;ssl=1 2280w, https:\/\/i0.wp.com\/yemanja.info\/accueil\/wp-content\/uploads\/2018\/04\/DSCN0717.jpg?w=3420&amp;ssl=1 3420w\" sizes=\"auto, (max-width: 384px) 100vw, 384px\" \/><\/p>\n<p><strong><em>Changement<\/em><\/strong> :radeau de survie \u00ab\u00a0Plastimo <em><strong>4<\/strong> <\/em>places\u00a0\u00bb en coque<\/p>\n<p>table de carr\u00e9 pivotante<\/p>\n<p>GPS Radar \u00ab\u00a0Garmin GPS MAP 922\u00a0\u00bb<\/p>\n<p>VHF RT 1050&Prime; Navicom tactile\u00a0\u00bb<\/p>\n<p>2 VHF portable \u00ab\u00a0Icom\u00a0\u00bb<\/p>\n<p>syst\u00e8me starlink<\/p>\n<p>Une balise EPIRB1 Oc\u00e9an + balise rescue MOB 1 AIS\/ASN<\/p>\n<p>Ecran multi fonction (loch, sondeur, an\u00e9mom\u00e8tre&#8230;)\u00a0\u00bbNKE\u00a0\u00bb+ syst\u00e8me I60<img data-recalc-dims=\"1\" loading=\"lazy\" decoding=\"async\" class=\"size-medium wp-image-2860 alignright\" src=\"https:\/\/i0.wp.com\/yemanja.info\/accueil\/wp-content\/uploads\/2024\/01\/IMG_20240102_154822.jpg?resize=300%2C139&#038;ssl=1\" alt=\"\" width=\"300\" height=\"139\" srcset=\"https:\/\/i0.wp.com\/yemanja.info\/accueil\/wp-content\/uploads\/2024\/01\/IMG_20240102_154822.jpg?resize=300%2C139&amp;ssl=1 300w, https:\/\/i0.wp.com\/yemanja.info\/accueil\/wp-content\/uploads\/2024\/01\/IMG_20240102_154822.jpg?resize=1024%2C473&amp;ssl=1 1024w, https:\/\/i0.wp.com\/yemanja.info\/accueil\/wp-content\/uploads\/2024\/01\/IMG_20240102_154822.jpg?resize=768%2C355&amp;ssl=1 768w, https:\/\/i0.wp.com\/yemanja.info\/accueil\/wp-content\/uploads\/2024\/01\/IMG_20240102_154822.jpg?resize=1536%2C710&amp;ssl=1 1536w, https:\/\/i0.wp.com\/yemanja.info\/accueil\/wp-content\/uploads\/2024\/01\/IMG_20240102_154822.jpg?resize=1320%2C610&amp;ssl=1 1320w, https:\/\/i0.wp.com\/yemanja.info\/accueil\/wp-content\/uploads\/2024\/01\/IMG_20240102_154822.jpg?w=1920&amp;ssl=1 1920w\" sizes=\"auto, (max-width: 300px) 100vw, 300px\" \/><\/p>\n<p>AIS \u00ab\u00a0Amec camino 108\u00a0\u00bb<\/p>\n<p>un barom\u00e8tre VION A4000.2<\/p>\n<p>deux paddles<\/p>\n<p>un chauffage\u00a0 Wallas viking air 3000w<\/p>\n<p>Une bouteille de plong\u00e9e de\u00a0 10L et un d\u00e9tendeur plus tout l&rsquo;\u00e9quipement n\u00e9opr\u00e8ne et lampe plong\u00e9e.<\/p>\n<p>un bimini avec trois arceaux et une capote avec trois arceaux.<\/p>\n<p><img data-recalc-dims=\"1\" loading=\"lazy\" decoding=\"async\" class=\"wp-image-2358 alignright\" src=\"https:\/\/i0.wp.com\/yemanja.info\/accueil\/wp-content\/uploads\/2021\/07\/20201117_083456.jpg?resize=415%2C233&#038;ssl=1\" alt=\"\" width=\"415\" height=\"233\" srcset=\"https:\/\/i0.wp.com\/yemanja.info\/accueil\/wp-content\/uploads\/2021\/07\/20201117_083456-scaled.jpg?resize=1024%2C576&amp;ssl=1 1024w, https:\/\/i0.wp.com\/yemanja.info\/accueil\/wp-content\/uploads\/2021\/07\/20201117_083456-scaled.jpg?resize=300%2C169&amp;ssl=1 300w, https:\/\/i0.wp.com\/yemanja.info\/accueil\/wp-content\/uploads\/2021\/07\/20201117_083456-scaled.jpg?resize=768%2C432&amp;ssl=1 768w, https:\/\/i0.wp.com\/yemanja.info\/accueil\/wp-content\/uploads\/2021\/07\/20201117_083456-scaled.jpg?resize=1536%2C864&amp;ssl=1 1536w, https:\/\/i0.wp.com\/yemanja.info\/accueil\/wp-content\/uploads\/2021\/07\/20201117_083456-scaled.jpg?resize=2048%2C1152&amp;ssl=1 2048w, https:\/\/i0.wp.com\/yemanja.info\/accueil\/wp-content\/uploads\/2021\/07\/20201117_083456-scaled.jpg?resize=100%2C56&amp;ssl=1 100w, https:\/\/i0.wp.com\/yemanja.info\/accueil\/wp-content\/uploads\/2021\/07\/20201117_083456-scaled.jpg?resize=150%2C84&amp;ssl=1 150w, https:\/\/i0.wp.com\/yemanja.info\/accueil\/wp-content\/uploads\/2021\/07\/20201117_083456-scaled.jpg?resize=200%2C113&amp;ssl=1 200w, https:\/\/i0.wp.com\/yemanja.info\/accueil\/wp-content\/uploads\/2021\/07\/20201117_083456-scaled.jpg?resize=450%2C253&amp;ssl=1 450w, https:\/\/i0.wp.com\/yemanja.info\/accueil\/wp-content\/uploads\/2021\/07\/20201117_083456-scaled.jpg?resize=600%2C338&amp;ssl=1 600w, https:\/\/i0.wp.com\/yemanja.info\/accueil\/wp-content\/uploads\/2021\/07\/20201117_083456-scaled.jpg?resize=900%2C506&amp;ssl=1 900w, https:\/\/i0.wp.com\/yemanja.info\/accueil\/wp-content\/uploads\/2021\/07\/20201117_083456-scaled.jpg?resize=1320%2C743&amp;ssl=1 1320w, https:\/\/i0.wp.com\/yemanja.info\/accueil\/wp-content\/uploads\/2021\/07\/20201117_083456-scaled.jpg?w=2280&amp;ssl=1 2280w\" sizes=\"auto, (max-width: 415px) 100vw, 415px\" \/><\/p>\n<p><em><span style=\"color: #0000ff;\">Voiles<\/span> <\/em>:<\/p>\n<p>une grand-voile latt\u00e9e 34 m\u00b2 , un genois sur enrouleur 52 m\u00b2 , une trinquette sur enrouleur 30 m\u00b2, deux gennaker 80 m\u00b2 emmagasineur Facnor et un tourmentin.<\/p>\n<p>un tangon Z pars D80 de 4 m\u00e8tres<\/p>\n<p>Nouvelle h\u00e9lice \u00ab\u00a0flexofold\u00a0\u00bb<\/p>\n\n\n<p><\/p>\n","protected":false},"excerpt":{"rendered":"<p>Le maracuja \u00ab\u00a0yemanja\u00a0\u00bb \u00a0est un voilier de l&rsquo;architecte Philippe Harl\u00e9. Nous avons le num\u00e9ro 9 construit en 1983 par le chantier\u00a0Garcia\u00a0situ\u00e9 en Normandie. C&rsquo;est un d\u00e9riveur aluminium \u00e0 deux d\u00e9rives d&rsquo;environ 9 tonnes dont la jupe a \u00e9t\u00e9 rallong\u00e9e. Longueur &hellip; <a href=\"https:\/\/yemanja.info\/accueil\/bateau\/\">Lire la suite\u00ad\u00ad<\/a><\/p>\n","protected":false},"author":4,"featured_media":0,"parent":0,"menu_order":0,"comment_status":"closed","ping_status":"closed","template":"","meta":{"footnotes":""},"class_list":["post-165","page","type-page","status-publish","hentry"],"jetpack_sharing_enabled":true,"_links":{"self":[{"href":"https:\/\/yemanja.info\/accueil\/wp-json\/wp\/v2\/pages\/165","targetHints":{"allow":["GET"]}}],"collection":[{"href":"https:\/\/yemanja.info\/accueil\/wp-json\/wp\/v2\/pages"}],"about":[{"href":"https:\/\/yemanja.info\/accueil\/wp-json\/wp\/v2\/types\/page"}],"author":[{"embeddable":true,"href":"https:\/\/yemanja.info\/accueil\/wp-json\/wp\/v2\/users\/4"}],"replies":[{"embeddable":true,"href":"https:\/\/yemanja.info\/accueil\/wp-json\/wp\/v2\/comments?post=165"}],"version-history":[{"count":45,"href":"https:\/\/yemanja.info\/accueil\/wp-json\/wp\/v2\/pages\/165\/revisions"}],"predecessor-version":[{"id":4161,"href":"https:\/\/yemanja.info\/accueil\/wp-json\/wp\/v2\/pages\/165\/revisions\/4161"}],"wp:attachment":[{"href":"https:\/\/yemanja.info\/accueil\/wp-json\/wp\/v2\/media?parent=165"}],"curies":[{"name":"wp","href":"https:\/\/api.w.org\/{rel}","templated":true}]}}